{"id":1051,"date":"2025-02-22T18:25:15","date_gmt":"2025-02-22T18:25:15","guid":{"rendered":"https:\/\/campingvieuxvallon.com\/willkommen\/"},"modified":"2025-02-24T16:16:55","modified_gmt":"2025-02-24T16:16:55","slug":"willkommen","status":"publish","type":"page","link":"https:\/\/campingvieuxvallon.com\/de\/","title":{"rendered":"Willkommen"},"content":{"rendered":"\t\t<div data-elementor-type=\"wp-page\" data-elementor-id=\"1051\" class=\"elementor elementor-1051 elementor-892\" data-elementor-post-type=\"page\">\n\t\t\t\t<div class=\"elementor-element elementor-element-7f011d1 e-flex e-con-boxed e-con e-parent\" data-id=\"7f011d1\" data-element_type=\"container\" data-e-type=\"container\" data-settings=\"{&quot;background_background&quot;:&quot;classic&quot;}\">\n\t\t\t\t\t<div class=\"e-con-inner\">\n\t\t\t\t<div class=\"elementor-element elementor-element-dfe5b2a elementor-widget elementor-widget-heading\" data-id=\"dfe5b2a\" data-element_type=\"widget\" data-e-type=\"widget\" data-widget_type=\"heading.default\">\n\t\t\t\t<div class=\"elementor-widget-container\">\n\t\t\t\t\t<h2 class=\"elementor-heading-title elementor-size-default\">Familiencampingplatz in Vallon Pont D'arc<\/h2>\t\t\t\t<\/div>\n\t\t\t\t<\/div>\n\t\t\t\t\t<\/div>\n\t\t\t\t<\/div>\n\t\t<div class=\"elementor-element elementor-element-cde8bc3 e-flex e-con-boxed e-con e-parent\" data-id=\"cde8bc3\" data-element_type=\"container\" data-e-type=\"container\">\n\t\t\t\t\t<div class=\"e-con-inner\">\n\t\t\t\t<div class=\"elementor-element elementor-element-a0836b9 elementor-widget elementor-widget-shortcode\" data-id=\"a0836b9\" data-element_type=\"widget\" data-e-type=\"widget\" data-widget_type=\"shortcode.default\">\n\t\t\t\t<div class=\"elementor-widget-container\">\n\t\t\t\t\t\t\t<div class=\"elementor-shortcode\"><ctv-search data-float=\"true\" data-modal-position=\"right\"><\/ctv-search>\n<ctv-searchbar><\/ctv-searchbar><\/div>\n\t\t\t\t\t\t<\/div>\n\t\t\t\t<\/div>\n\t\t\t\t\t<\/div>\n\t\t\t\t<\/div>\n\t\t<div class=\"elementor-element elementor-element-f57849e e-flex e-con-boxed e-con e-parent\" data-id=\"f57849e\" data-element_type=\"container\" data-e-type=\"container\" data-settings=\"{&quot;background_background&quot;:&quot;classic&quot;}\">\n\t\t\t\t\t<div class=\"e-con-inner\">\n\t\t<div class=\"elementor-element elementor-element-1867ee9 e-con-full e-flex e-con e-child\" data-id=\"1867ee9\" data-element_type=\"container\" data-e-type=\"container\">\n\t\t\t\t<div class=\"elementor-element elementor-element-92ea01c elementor-widget elementor-widget-image\" data-id=\"92ea01c\" data-element_type=\"widget\" data-e-type=\"widget\" data-widget_type=\"image.default\">\n\t\t\t\t<div class=\"elementor-widget-container\">\n\t\t\t\t\t\t\t\t\t\t\t\t\t\t\t<img fetchpriority=\"high\" decoding=\"async\" width=\"800\" height=\"568\" src=\"https:\/\/campingvieuxvallon.com\/wp-content\/uploads\/2025\/02\/Pont-dArc-1024x727.jpg\" class=\"attachment-large size-large wp-image-802\" alt=\"\" srcset=\"https:\/\/campingvieuxvallon.com\/wp-content\/uploads\/2025\/02\/Pont-dArc-1024x727.jpg 1024w, https:\/\/campingvieuxvallon.com\/wp-content\/uploads\/2025\/02\/Pont-dArc-300x213.jpg 300w, https:\/\/campingvieuxvallon.com\/wp-content\/uploads\/2025\/02\/Pont-dArc-768x545.jpg 768w, https:\/\/campingvieuxvallon.com\/wp-content\/uploads\/2025\/02\/Pont-dArc.jpg 1082w\" sizes=\"(max-width: 800px) 100vw, 800px\" title=\"Pont d&#039;Arc - Ard\u00e8che Camping Vallon Pont d&#039;Arc\" \/>\t\t\t\t\t\t\t\t\t\t\t\t\t\t\t<\/div>\n\t\t\t\t<\/div>\n\t\t\t\t<\/div>\n\t\t<div class=\"elementor-element elementor-element-66406b1 e-con-full e-flex e-con e-child\" data-id=\"66406b1\" data-element_type=\"container\" data-e-type=\"container\">\n\t\t\t\t<div class=\"elementor-element elementor-element-f0ee8a4 elementor-widget elementor-widget-heading\" data-id=\"f0ee8a4\" data-element_type=\"widget\" data-e-type=\"widget\" data-widget_type=\"heading.default\">\n\t\t\t\t<div class=\"elementor-widget-container\">\n\t\t\t\t\t<h2 class=\"elementor-heading-title elementor-size-default\">Eine atypische Situation<\/h2>\t\t\t\t<\/div>\n\t\t\t\t<\/div>\n\t\t\t\t<div class=\"elementor-element elementor-element-c8df4a7 elementor-widget elementor-widget-text-editor\" data-id=\"c8df4a7\" data-element_type=\"widget\" data-e-type=\"widget\" data-widget_type=\"text-editor.default\">\n\t\t\t\t<div class=\"elementor-widget-container\">\n\t\t\t\t\t\t\t\t\t<p>Der 3-Sterne-Campingplatz Vieux Vallon mit Schwimmbad liegt auf einem alten H\u00fcgel im Herzen der Ard\u00e8che, in der N\u00e4he der Pont d\u2018Arc, und verf\u00fcgt \u00fcber eine besonders interessante geografische Lage mit herrlichem Blick auf den Eingang zur Gorges de l\u2018Ard\u00e8che. Die in \u201eFasses\u201c angeordnete Anlage verf\u00fcgt \u00fcber ein auf mehrere Stockwerke aufgeteiltes Grundst\u00fcck, das zwischen den einzelnen Standorten eine gewisse Perspektive und Privatsph\u00e4re bietet. Unser Campingplatz in Vallon Pont d\u2019Arc ist DER Ard\u00e8che-Campingplatz schlechthin!<\/p>\t\t\t\t\t\t\t\t<\/div>\n\t\t\t\t<\/div>\n\t\t\t\t<\/div>\n\t\t\t\t\t<\/div>\n\t\t\t\t<\/div>\n\t\t<div class=\"elementor-element elementor-element-63ca1f3 e-flex e-con-boxed e-con e-parent\" data-id=\"63ca1f3\" data-element_type=\"container\" data-e-type=\"container\">\n\t\t\t\t\t<div class=\"e-con-inner\">\n\t\t<div class=\"elementor-element elementor-element-202a530 e-con-full e-flex e-con e-child\" data-id=\"202a530\" data-element_type=\"container\" data-e-type=\"container\">\n\t\t\t\t<div class=\"elementor-element elementor-element-d903ea4 elementor-widget elementor-widget-image\" data-id=\"d903ea4\" data-element_type=\"widget\" data-e-type=\"widget\" data-widget_type=\"image.default\">\n\t\t\t\t<div class=\"elementor-widget-container\">\n\t\t\t\t\t\t\t\t\t\t\t\t\t\t\t<img decoding=\"async\" width=\"768\" height=\"1024\" src=\"https:\/\/campingvieuxvallon.com\/wp-content\/uploads\/2025\/02\/IMG_20190622_131539-768x1024.webp\" class=\"attachment-large size-large wp-image-739\" alt=\"\" srcset=\"https:\/\/campingvieuxvallon.com\/wp-content\/uploads\/2025\/02\/IMG_20190622_131539-768x1024.webp 768w, https:\/\/campingvieuxvallon.com\/wp-content\/uploads\/2025\/02\/IMG_20190622_131539-225x300.webp 225w, https:\/\/campingvieuxvallon.com\/wp-content\/uploads\/2025\/02\/IMG_20190622_131539-1152x1536.webp 1152w, https:\/\/campingvieuxvallon.com\/wp-content\/uploads\/2025\/02\/IMG_20190622_131539-scaled.webp 1440w\" sizes=\"(max-width: 768px) 100vw, 768px\" title=\"sdr_vivid - Ard\u00e8che Camping Vallon Pont d&#039;Arc\" \/>\t\t\t\t\t\t\t\t\t\t\t\t\t\t\t<\/div>\n\t\t\t\t<\/div>\n\t\t\t\t<\/div>\n\t\t<div class=\"elementor-element elementor-element-0330b7a e-con-full e-flex e-con e-child\" data-id=\"0330b7a\" data-element_type=\"container\" data-e-type=\"container\">\n\t\t\t\t<div class=\"elementor-element elementor-element-4551eff elementor-widget elementor-widget-heading\" data-id=\"4551eff\" data-element_type=\"widget\" data-e-type=\"widget\" data-widget_type=\"heading.default\">\n\t\t\t\t<div class=\"elementor-widget-container\">\n\t\t\t\t\t<h2 class=\"elementor-heading-title elementor-size-default\">Ein Campingplatz wie kein anderer<\/h2>\t\t\t\t<\/div>\n\t\t\t\t<\/div>\n\t\t\t\t<div class=\"elementor-element elementor-element-50613a8 elementor-widget elementor-widget-text-editor\" data-id=\"50613a8\" data-element_type=\"widget\" data-e-type=\"widget\" data-widget_type=\"text-editor.default\">\n\t\t\t\t<div class=\"elementor-widget-container\">\n\t\t\t\t\t\t\t\t\t<p>Der Campingplatz Vieux Vallon verf\u00fcgt \u00fcber 40 Stellpl\u00e4tze, 21 Mieteinheiten und 19 Freifl\u00e4chen zur Unterbringung von Urlaubern mit Wohnmobil, Zelt oder Wohnwagen. Ein kleiner, ruhiger Familienbetrieb am Rande eines Eichenwaldes, der Urlaubern und Wanderlustigen eine sch\u00f6ne Gr\u00fcnanlage bietet. Unser Campingplatz mit Schwimmbad bietet auch Unterk\u00fcnfte, die das Gegenteil traditioneller Mobilheime sind: Es gibt verschiedene Arten von Unterk\u00fcnften wie Lodge-H\u00fctten aus Holz, die mit allen n\u00f6tigen Annehmlichkeiten ausgestattet sind, Chalets, zwei Abenteuerzelte mit richtigen Betten und isolierte Ard\u00e8che-H\u00fctten, die typisch f\u00fcr die Region Vallon Pont d\u2018Arc sind.<\/p>\t\t\t\t\t\t\t\t<\/div>\n\t\t\t\t<\/div>\n\t\t\t\t<\/div>\n\t\t\t\t\t<\/div>\n\t\t\t\t<\/div>\n\t\t<div class=\"elementor-element elementor-element-529d568 e-flex e-con-boxed e-con e-parent\" data-id=\"529d568\" data-element_type=\"container\" data-e-type=\"container\" data-settings=\"{&quot;background_background&quot;:&quot;classic&quot;}\">\n\t\t\t\t\t<div class=\"e-con-inner\">\n\t\t<div class=\"elementor-element elementor-element-f28e624 e-con-full e-flex e-con e-child\" data-id=\"f28e624\" data-element_type=\"container\" data-e-type=\"container\">\n\t\t\t\t<div class=\"elementor-element elementor-element-59a4177 elementor-widget elementor-widget-image\" data-id=\"59a4177\" data-element_type=\"widget\" data-e-type=\"widget\" data-widget_type=\"image.default\">\n\t\t\t\t<div class=\"elementor-widget-container\">\n\t\t\t\t\t\t\t\t\t\t\t\t\t\t\t<img decoding=\"async\" width=\"800\" height=\"534\" src=\"https:\/\/campingvieuxvallon.com\/wp-content\/uploads\/2025\/02\/web_Gorges_ArdA\u00a8che-A\u00a9-Marina-Geray-1024x683.webp\" class=\"attachment-large size-large wp-image-742\" alt=\"\" srcset=\"https:\/\/campingvieuxvallon.com\/wp-content\/uploads\/2025\/02\/web_Gorges_ArdA\u00a8che-A\u00a9-Marina-Geray-1024x683.webp 1024w, https:\/\/campingvieuxvallon.com\/wp-content\/uploads\/2025\/02\/web_Gorges_ArdA\u00a8che-A\u00a9-Marina-Geray-300x200.webp 300w, https:\/\/campingvieuxvallon.com\/wp-content\/uploads\/2025\/02\/web_Gorges_ArdA\u00a8che-A\u00a9-Marina-Geray-768x512.webp 768w, https:\/\/campingvieuxvallon.com\/wp-content\/uploads\/2025\/02\/web_Gorges_ArdA\u00a8che-A\u00a9-Marina-Geray-1536x1024.webp 1536w, https:\/\/campingvieuxvallon.com\/wp-content\/uploads\/2025\/02\/web_Gorges_ArdA\u00a8che-A\u00a9-Marina-Geray.webp 1620w\" sizes=\"(max-width: 800px) 100vw, 800px\" title=\"web_Gorges_Ard\u00c3\u00a8che \u00c2\u00a9 Marina Geray - Ard\u00e8che Camping Vallon Pont d&#039;Arc\" \/>\t\t\t\t\t\t\t\t\t\t\t\t\t\t\t<\/div>\n\t\t\t\t<\/div>\n\t\t\t\t<\/div>\n\t\t<div class=\"elementor-element elementor-element-d75fbe5 e-con-full e-flex e-con e-child\" data-id=\"d75fbe5\" data-element_type=\"container\" data-e-type=\"container\">\n\t\t\t\t<div class=\"elementor-element elementor-element-bddda8d elementor-widget elementor-widget-heading\" data-id=\"bddda8d\" data-element_type=\"widget\" data-e-type=\"widget\" data-widget_type=\"heading.default\">\n\t\t\t\t<div class=\"elementor-widget-container\">\n\t\t\t\t\t<h2 class=\"elementor-heading-title elementor-size-default\">Die Region Vallon Pont D'Arc bietet zahlreiche Aktivit\u00e4ten<\/h2>\t\t\t\t<\/div>\n\t\t\t\t<\/div>\n\t\t\t\t<div class=\"elementor-element elementor-element-1b96540 elementor-widget elementor-widget-text-editor\" data-id=\"1b96540\" data-element_type=\"widget\" data-e-type=\"widget\" data-widget_type=\"text-editor.default\">\n\t\t\t\t<div class=\"elementor-widget-container\">\n\t\t\t\t\t\t\t\t\t<p>F\u00fcr Outdoor-Sportler ist die Ard\u00e8che sicherlich die attraktivste Region Frankreichs. Rund um unseren 3-Sterne-Campingplatz in Vallon Pont-d\u2019Arc gibt es zahlreiche Aktivit\u00e4ten wie Wildwasserkanufahren, Canyoning, Klettern, Wandern, Rafting und sogar H\u00f6hlenerkundung. Die Gegend verf\u00fcgt au\u00dferdem \u00fcber ein reiches historisches Erbe, beispielsweise die vielen H\u00f6hlen, die besichtigt werden k\u00f6nnen. Die Rekonstruktion der Chauvet-H\u00f6hle ist ein absolutes Muss. Nach einem anstrengenden Tag gibt es nichts Besseres, als die gastronomischen Spezialit\u00e4ten der Ard\u00e8che zu genie\u00dfen, beispielsweise Gerichte auf Kastanienbasis, Wurstwaren oder auch Geb\u00e4ck auf Blaubeerbasis. Ein Genuss.<\/p>\t\t\t\t\t\t\t\t<\/div>\n\t\t\t\t<\/div>\n\t\t\t\t<\/div>\n\t\t\t\t\t<\/div>\n\t\t\t\t<\/div>\n\t\t<div class=\"elementor-element elementor-element-dd48e4c e-flex e-con-boxed e-con e-parent\" data-id=\"dd48e4c\" data-element_type=\"container\" data-e-type=\"container\">\n\t\t\t\t\t<div class=\"e-con-inner\">\n\t\t\t\t\t<\/div>\n\t\t\t\t<\/div>\n\t\t<div class=\"elementor-element elementor-element-8fc30d9 e-flex e-con-boxed e-con e-parent\" data-id=\"8fc30d9\" data-element_type=\"container\" data-e-type=\"container\" data-settings=\"{&quot;background_background&quot;:&quot;classic&quot;}\">\n\t\t\t\t\t<div class=\"e-con-inner\">\n\t\t<div class=\"elementor-element elementor-element-ea4e7c7 e-con-full e-flex e-con e-child\" data-id=\"ea4e7c7\" data-element_type=\"container\" data-e-type=\"container\">\n\t\t<div class=\"elementor-element elementor-element-f443776 e-con-full e-flex e-con e-child\" data-id=\"f443776\" data-element_type=\"container\" data-e-type=\"container\">\n\t\t\t\t<div class=\"elementor-element elementor-element-8d88f66 elementor-widget elementor-widget-image\" data-id=\"8d88f66\" data-element_type=\"widget\" data-e-type=\"widget\" data-widget_type=\"image.default\">\n\t\t\t\t<div class=\"elementor-widget-container\">\n\t\t\t\t\t\t\t\t\t\t\t\t\t\t\t<img loading=\"lazy\" decoding=\"async\" width=\"300\" height=\"200\" src=\"https:\/\/campingvieuxvallon.com\/wp-content\/uploads\/2025\/02\/w-ST-PD1A7894-\u00a9Steph-Tripot-300x200.webp\" class=\"attachment-medium size-medium wp-image-751\" alt=\"\" srcset=\"https:\/\/campingvieuxvallon.com\/wp-content\/uploads\/2025\/02\/w-ST-PD1A7894-\u00a9Steph-Tripot-300x200.webp 300w, https:\/\/campingvieuxvallon.com\/wp-content\/uploads\/2025\/02\/w-ST-PD1A7894-\u00a9Steph-Tripot-1024x683.webp 1024w, https:\/\/campingvieuxvallon.com\/wp-content\/uploads\/2025\/02\/w-ST-PD1A7894-\u00a9Steph-Tripot-768x512.webp 768w, https:\/\/campingvieuxvallon.com\/wp-content\/uploads\/2025\/02\/w-ST-PD1A7894-\u00a9Steph-Tripot-1536x1024.webp 1536w, https:\/\/campingvieuxvallon.com\/wp-content\/uploads\/2025\/02\/w-ST-PD1A7894-\u00a9Steph-Tripot.webp 1900w\" sizes=\"(max-width: 300px) 100vw, 300px\" title=\"w-ST-PD1A7894-\u00a9Steph Tripot - Ard\u00e8che Camping Vallon Pont d&#039;Arc\" \/>\t\t\t\t\t\t\t\t\t\t\t\t\t\t\t<\/div>\n\t\t\t\t<\/div>\n\t\t\t\t<\/div>\n\t\t<div class=\"elementor-element elementor-element-afba9bb e-con-full e-flex e-con e-child\" data-id=\"afba9bb\" data-element_type=\"container\" data-e-type=\"container\">\n\t\t\t\t<div class=\"elementor-element elementor-element-04dc29d elementor-widget elementor-widget-heading\" data-id=\"04dc29d\" data-element_type=\"widget\" data-e-type=\"widget\" data-widget_type=\"heading.default\">\n\t\t\t\t<div class=\"elementor-widget-container\">\n\t\t\t\t\t<h2 class=\"elementor-heading-title elementor-size-default\">SCHWIMMBAD<\/h2>\t\t\t\t<\/div>\n\t\t\t\t<\/div>\n\t\t\t\t<\/div>\n\t\t\t\t<div class=\"elementor-element elementor-element-525ef97 elementor-widget elementor-widget-text-editor\" data-id=\"525ef97\" data-element_type=\"widget\" data-e-type=\"widget\" data-widget_type=\"text-editor.default\">\n\t\t\t\t<div class=\"elementor-widget-container\">\n\t\t\t\t\t\t\t\t\t<p>Umgeben von viel Gr\u00fcn und in der Sonne verw\u00f6hnt, bietet Ihnen unser Schwimmbad eine idyllische Umgebung, um Ihren Urlaub in vollen Z\u00fcgen zu genie\u00dfen. Lassen Sie sich vom sanften Pl\u00e4tschern des Wassers wiegen und genie\u00dfen Sie Momente purer Entspannung auf unseren bequemen Sonnenliegen.<\/p>\t\t\t\t\t\t\t\t<\/div>\n\t\t\t\t<\/div>\n\t\t\t\t<\/div>\n\t\t<div class=\"elementor-element elementor-element-0a69f60 e-con-full e-flex e-con e-child\" data-id=\"0a69f60\" data-element_type=\"container\" data-e-type=\"container\">\n\t\t<div class=\"elementor-element elementor-element-e1bbd21 e-con-full e-flex e-con e-child\" data-id=\"e1bbd21\" data-element_type=\"container\" data-e-type=\"container\">\n\t\t\t\t<div class=\"elementor-element elementor-element-4120021 elementor-widget elementor-widget-image\" data-id=\"4120021\" data-element_type=\"widget\" data-e-type=\"widget\" data-widget_type=\"image.default\">\n\t\t\t\t<div class=\"elementor-widget-container\">\n\t\t\t\t\t\t\t\t\t\t\t\t\t\t\t<img loading=\"lazy\" decoding=\"async\" width=\"300\" height=\"200\" src=\"https:\/\/campingvieuxvallon.com\/wp-content\/uploads\/2025\/02\/c_snack-300x200.jpg\" class=\"attachment-medium size-medium wp-image-919\" alt=\"\" srcset=\"https:\/\/campingvieuxvallon.com\/wp-content\/uploads\/2025\/02\/c_snack-300x200.jpg 300w, https:\/\/campingvieuxvallon.com\/wp-content\/uploads\/2025\/02\/c_snack-1024x683.jpg 1024w, https:\/\/campingvieuxvallon.com\/wp-content\/uploads\/2025\/02\/c_snack-768x512.jpg 768w, https:\/\/campingvieuxvallon.com\/wp-content\/uploads\/2025\/02\/c_snack-1536x1024.jpg 1536w, https:\/\/campingvieuxvallon.com\/wp-content\/uploads\/2025\/02\/c_snack.jpg 1920w\" sizes=\"(max-width: 300px) 100vw, 300px\" title=\"c_snack - Ard\u00e8che Camping Vallon Pont d&#039;Arc\" \/>\t\t\t\t\t\t\t\t\t\t\t\t\t\t\t<\/div>\n\t\t\t\t<\/div>\n\t\t\t\t<\/div>\n\t\t<div class=\"elementor-element elementor-element-99eff4a e-con-full e-flex e-con e-child\" data-id=\"99eff4a\" data-element_type=\"container\" data-e-type=\"container\">\n\t\t\t\t<div class=\"elementor-element elementor-element-72f39fa elementor-widget elementor-widget-heading\" data-id=\"72f39fa\" data-element_type=\"widget\" data-e-type=\"widget\" data-widget_type=\"heading.default\">\n\t\t\t\t<div class=\"elementor-widget-container\">\n\t\t\t\t\t<h2 class=\"elementor-heading-title elementor-size-default\">SNACK\/BAR<\/h2>\t\t\t\t<\/div>\n\t\t\t\t<\/div>\n\t\t\t\t<div class=\"elementor-element elementor-element-1a565cf elementor-widget elementor-widget-text-editor\" data-id=\"1a565cf\" data-element_type=\"widget\" data-e-type=\"widget\" data-widget_type=\"text-editor.default\">\n\t\t\t\t<div class=\"elementor-widget-container\">\n\t\t\t\t\t\t\t\t\t<p>Verlieben Sie sich in unsere Salate und unsere Ard\u00e8che-Platten, die mit lokalen Produkten zubereitet werden, die sich perfekt f\u00fcr eine Abk\u00fchlung an hei\u00dfen Sommertagen eignen.<\/p>\t\t\t\t\t\t\t\t<\/div>\n\t\t\t\t<\/div>\n\t\t\t\t<\/div>\n\t\t\t\t<\/div>\n\t\t<div class=\"elementor-element elementor-element-a161186 e-con-full e-flex e-con e-child\" data-id=\"a161186\" data-element_type=\"container\" data-e-type=\"container\">\n\t\t<div class=\"elementor-element elementor-element-e1affd2 e-con-full e-flex e-con e-child\" data-id=\"e1affd2\" data-element_type=\"container\" data-e-type=\"container\">\n\t\t\t\t<div class=\"elementor-element elementor-element-dfa4942 elementor-widget elementor-widget-image\" data-id=\"dfa4942\" data-element_type=\"widget\" data-e-type=\"widget\" data-widget_type=\"image.default\">\n\t\t\t\t<div class=\"elementor-widget-container\">\n\t\t\t\t\t\t\t\t\t\t\t\t\t\t\t<img loading=\"lazy\" decoding=\"async\" width=\"300\" height=\"199\" src=\"https:\/\/campingvieuxvallon.com\/wp-content\/uploads\/2025\/02\/DSC_1101-300x199.webp\" class=\"attachment-medium size-medium wp-image-745\" alt=\"\" srcset=\"https:\/\/campingvieuxvallon.com\/wp-content\/uploads\/2025\/02\/DSC_1101-300x199.webp 300w, https:\/\/campingvieuxvallon.com\/wp-content\/uploads\/2025\/02\/DSC_1101-1024x678.webp 1024w, https:\/\/campingvieuxvallon.com\/wp-content\/uploads\/2025\/02\/DSC_1101-768x509.webp 768w, https:\/\/campingvieuxvallon.com\/wp-content\/uploads\/2025\/02\/DSC_1101-1536x1017.webp 1536w, https:\/\/campingvieuxvallon.com\/wp-content\/uploads\/2025\/02\/DSC_1101-scaled.webp 1920w\" sizes=\"(max-width: 300px) 100vw, 300px\" title=\"DSC_1101 - Ard\u00e8che Camping Vallon Pont d&#039;Arc\" \/>\t\t\t\t\t\t\t\t\t\t\t\t\t\t\t<\/div>\n\t\t\t\t<\/div>\n\t\t\t\t<\/div>\n\t\t<div class=\"elementor-element elementor-element-20dc43e e-con-full e-flex e-con e-child\" data-id=\"20dc43e\" data-element_type=\"container\" data-e-type=\"container\">\n\t\t\t\t<div class=\"elementor-element elementor-element-76d5b2b elementor-widget elementor-widget-heading\" data-id=\"76d5b2b\" data-element_type=\"widget\" data-e-type=\"widget\" data-widget_type=\"heading.default\">\n\t\t\t\t<div class=\"elementor-widget-container\">\n\t\t\t\t\t<h2 class=\"elementor-heading-title elementor-size-default\">Grill<\/h2>\t\t\t\t<\/div>\n\t\t\t\t<\/div>\n\t\t\t\t<div class=\"elementor-element elementor-element-5d2be7e elementor-widget elementor-widget-text-editor\" data-id=\"5d2be7e\" data-element_type=\"widget\" data-e-type=\"widget\" data-widget_type=\"text-editor.default\">\n\t\t\t\t<div class=\"elementor-widget-container\">\n\t\t\t\t\t\t\t\t\t<p>Von Natur aus freundlich, ist es der Ort des Campingplatzes, an dem sich alle gerne treffen, um sich vor den Schluchten der Ard\u00e8che auszutauschen.<\/p>\t\t\t\t\t\t\t\t<\/div>\n\t\t\t\t<\/div>\n\t\t\t\t<\/div>\n\t\t\t\t<\/div>\n\t\t\t\t\t<\/div>\n\t\t\t\t<\/div>\n\t\t\t\t<\/div>\n\t\t","protected":false},"excerpt":{"rendered":"<p>Familiencampingplatz in Vallon Pont D&#8217;arc Eine atypische Situation Der 3-Sterne-Campingplatz Vieux Vallon mit Schwimmbad liegt auf einem alten H\u00fcgel im Herzen der Ard\u00e8che, in der N\u00e4he der Pont d\u2018Arc, und verf\u00fcgt \u00fcber eine besonders interessante geografische Lage mit herrlichem Blick auf den Eingang zur Gorges de l\u2018Ard\u00e8che. Die in \u201eFasses\u201c angeordnete Anlage verf\u00fcgt \u00fcber ein [&hellip;]<\/p>\n","protected":false},"author":1,"featured_media":0,"parent":0,"menu_order":0,"comment_status":"closed","ping_status":"closed","template":"elementor_header_footer","meta":{"footnotes":""},"class_list":["post-1051","page","type-page","status-publish","hentry"],"aioseo_notices":[],"_links":{"self":[{"href":"https:\/\/campingvieuxvallon.com\/de\/wp-json\/wp\/v2\/pages\/1051","targetHints":{"allow":["GET"]}}],"collection":[{"href":"https:\/\/campingvieuxvallon.com\/de\/wp-json\/wp\/v2\/pages"}],"about":[{"href":"https:\/\/campingvieuxvallon.com\/de\/wp-json\/wp\/v2\/types\/page"}],"author":[{"embeddable":true,"href":"https:\/\/campingvieuxvallon.com\/de\/wp-json\/wp\/v2\/users\/1"}],"replies":[{"embeddable":true,"href":"https:\/\/campingvieuxvallon.com\/de\/wp-json\/wp\/v2\/comments?post=1051"}],"version-history":[{"count":1,"href":"https:\/\/campingvieuxvallon.com\/de\/wp-json\/wp\/v2\/pages\/1051\/revisions"}],"predecessor-version":[{"id":1052,"href":"https:\/\/campingvieuxvallon.com\/de\/wp-json\/wp\/v2\/pages\/1051\/revisions\/1052"}],"wp:attachment":[{"href":"https:\/\/campingvieuxvallon.com\/de\/wp-json\/wp\/v2\/media?parent=1051"}],"curies":[{"name":"wp","href":"https:\/\/api.w.org\/{rel}","templated":true}]}}