{"id":1055,"date":"2025-02-03T20:47:29","date_gmt":"2025-02-03T20:47:29","guid":{"rendered":"https:\/\/campingvieuxvallon.com\/aktivitaeten\/"},"modified":"2025-03-03T14:06:07","modified_gmt":"2025-03-03T14:06:07","slug":"aktivitaeten","status":"publish","type":"page","link":"https:\/\/campingvieuxvallon.com\/de\/aktivitaeten\/","title":{"rendered":"Aktivit\u00e4ten"},"content":{"rendered":"\t\t<div data-elementor-type=\"wp-page\" data-elementor-id=\"1055\" class=\"elementor elementor-1055 elementor-27\" data-elementor-post-type=\"page\">\n\t\t\t\t<div class=\"elementor-element elementor-element-42af1f5 e-flex e-con-boxed e-con e-parent\" data-id=\"42af1f5\" data-element_type=\"container\" data-e-type=\"container\" data-settings=\"{&quot;background_background&quot;:&quot;classic&quot;}\">\n\t\t\t\t\t<div class=\"e-con-inner\">\n\t\t\t\t<div class=\"elementor-element elementor-element-bec1da4 elementor-widget elementor-widget-heading\" data-id=\"bec1da4\" data-element_type=\"widget\" data-e-type=\"widget\" data-widget_type=\"heading.default\">\n\t\t\t\t<div class=\"elementor-widget-container\">\n\t\t\t\t\t<h2 class=\"elementor-heading-title elementor-size-default\">Ard\u00e8che ist eine der sch\u00f6nsten Regionen Frankreichs.<\/h2>\t\t\t\t<\/div>\n\t\t\t\t<\/div>\n\t\t\t\t<div class=\"elementor-element elementor-element-337cb2c elementor-widget elementor-widget-text-editor\" data-id=\"337cb2c\" data-element_type=\"widget\" data-e-type=\"widget\" data-widget_type=\"text-editor.default\">\n\t\t\t\t<div class=\"elementor-widget-container\">\n\t\t\t\t\t\t\t\t\t<p><span data-sheets-root=\"1\">Besuchen Sie ihn und verlassen Sie sich darauf, dass der 3-Sterne-Campingplatz Ard\u00e8che Le Vieux Vallon in Vallon Pont d\u2019Arc Sie begleitet!<\/span><\/p>\t\t\t\t\t\t\t\t<\/div>\n\t\t\t\t<\/div>\n\t\t\t\t\t<\/div>\n\t\t\t\t<\/div>\n\t\t<div class=\"elementor-element elementor-element-f633225 e-flex e-con-boxed e-con e-parent\" data-id=\"f633225\" data-element_type=\"container\" data-e-type=\"container\">\n\t\t\t\t\t<div class=\"e-con-inner\">\n\t\t\t\t<div class=\"elementor-element elementor-element-9e6360f elementor-widget elementor-widget-video\" data-id=\"9e6360f\" data-element_type=\"widget\" data-e-type=\"widget\" data-settings=\"{&quot;youtube_url&quot;:&quot;https:\\\/\\\/youtu.be\\\/I6jly6SNN38?si=iQeUkbAvWwKUgq9S&quot;,&quot;autoplay&quot;:&quot;yes&quot;,&quot;play_on_mobile&quot;:&quot;yes&quot;,&quot;video_type&quot;:&quot;youtube&quot;,&quot;controls&quot;:&quot;yes&quot;}\" data-widget_type=\"video.default\">\n\t\t\t\t<div class=\"elementor-widget-container\">\n\t\t\t\t\t\t\t<div class=\"elementor-wrapper elementor-open-inline\">\n\t\t\t<div class=\"elementor-video\"><\/div>\t\t<\/div>\n\t\t\t\t\t\t<\/div>\n\t\t\t\t<\/div>\n\t\t\t\t<div class=\"elementor-element elementor-element-b4d9829 elementor-widget elementor-widget-shortcode\" data-id=\"b4d9829\" data-element_type=\"widget\" data-e-type=\"widget\" data-widget_type=\"shortcode.default\">\n\t\t\t\t<div class=\"elementor-widget-container\">\n\t\t\t\t\t\t\t<div class=\"elementor-shortcode\"><ctv-search data-float=\"true\" data-modal-position=\"right\"><\/ctv-search><\/div>\n\t\t\t\t\t\t<\/div>\n\t\t\t\t<\/div>\n\t\t\t\t\t<\/div>\n\t\t\t\t<\/div>\n\t\t<div class=\"elementor-element elementor-element-6bd39e2 e-flex e-con-boxed e-con e-parent\" data-id=\"6bd39e2\" data-element_type=\"container\" data-e-type=\"container\" data-settings=\"{&quot;background_background&quot;:&quot;classic&quot;}\">\n\t\t\t\t\t<div class=\"e-con-inner\">\n\t\t<div class=\"elementor-element elementor-element-5ec9bfe e-con-full e-flex e-con e-child\" data-id=\"5ec9bfe\" data-element_type=\"container\" data-e-type=\"container\">\n\t\t\t\t<div class=\"elementor-element elementor-element-3b13234 elementor-widget elementor-widget-heading\" data-id=\"3b13234\" data-element_type=\"widget\" data-e-type=\"widget\" data-widget_type=\"heading.default\">\n\t\t\t\t<div class=\"elementor-widget-container\">\n\t\t\t\t\t<h2 class=\"elementor-heading-title elementor-size-default\">Der Pont d'Arc<\/h2>\t\t\t\t<\/div>\n\t\t\t\t<\/div>\n\t\t\t\t<div class=\"elementor-element elementor-element-f976dae elementor-widget elementor-widget-text-editor\" data-id=\"f976dae\" data-element_type=\"widget\" data-e-type=\"widget\" data-widget_type=\"text-editor.default\">\n\t\t\t\t<div class=\"elementor-widget-container\">\n\t\t\t\t\t\t\t\t\t<p>Der Pont d\u2019Arc ist eine weltweit einzigartige geologische Kuriosit\u00e4t, ein grandioser nat\u00fcrlicher Bogen am Eingang zur Gorges de l\u2019Ard\u00e8che. Mit einer H\u00f6he von 54 Metern, einer Breite von 60 Metern und einer Geschichte von mindestens 500.000 Jahren ist es DER unverzichtbare Fotostandort! <\/p>\t\t\t\t\t\t\t\t<\/div>\n\t\t\t\t<\/div>\n\t\t\t\t<\/div>\n\t\t<div class=\"elementor-element elementor-element-a450e0a e-con-full e-flex e-con e-child\" data-id=\"a450e0a\" data-element_type=\"container\" data-e-type=\"container\">\n\t\t\t\t<div class=\"elementor-element elementor-element-72bcee2 elementor-widget elementor-widget-image\" data-id=\"72bcee2\" data-element_type=\"widget\" data-e-type=\"widget\" data-widget_type=\"image.default\">\n\t\t\t\t<div class=\"elementor-widget-container\">\n\t\t\t\t\t\t\t\t\t\t\t\t\t\t\t<img fetchpriority=\"high\" decoding=\"async\" width=\"800\" height=\"568\" src=\"https:\/\/campingvieuxvallon.com\/wp-content\/uploads\/2025\/02\/Pont-dArc-1024x727.jpg\" class=\"attachment-large size-large wp-image-802\" alt=\"\" srcset=\"https:\/\/campingvieuxvallon.com\/wp-content\/uploads\/2025\/02\/Pont-dArc-1024x727.jpg 1024w, https:\/\/campingvieuxvallon.com\/wp-content\/uploads\/2025\/02\/Pont-dArc-300x213.jpg 300w, https:\/\/campingvieuxvallon.com\/wp-content\/uploads\/2025\/02\/Pont-dArc-768x545.jpg 768w, https:\/\/campingvieuxvallon.com\/wp-content\/uploads\/2025\/02\/Pont-dArc.jpg 1082w\" sizes=\"(max-width: 800px) 100vw, 800px\" title=\"Pont d&#039;Arc - Ard\u00e8che Camping Vallon Pont d&#039;Arc\" \/>\t\t\t\t\t\t\t\t\t\t\t\t\t\t\t<\/div>\n\t\t\t\t<\/div>\n\t\t\t\t<\/div>\n\t\t\t\t\t<\/div>\n\t\t\t\t<\/div>\n\t\t<div class=\"elementor-element elementor-element-2ed5041 e-flex e-con-boxed e-con e-parent\" data-id=\"2ed5041\" data-element_type=\"container\" data-e-type=\"container\">\n\t\t\t\t\t<div class=\"e-con-inner\">\n\t\t<div class=\"elementor-element elementor-element-843acbc e-con-full e-flex e-con e-child\" data-id=\"843acbc\" data-element_type=\"container\" data-e-type=\"container\">\n\t\t\t\t<div class=\"elementor-element elementor-element-b7f583e elementor-widget elementor-widget-image\" data-id=\"b7f583e\" data-element_type=\"widget\" data-e-type=\"widget\" data-widget_type=\"image.default\">\n\t\t\t\t<div class=\"elementor-widget-container\">\n\t\t\t\t\t\t\t\t\t\t\t\t\t\t\t<img decoding=\"async\" width=\"800\" height=\"534\" src=\"https:\/\/campingvieuxvallon.com\/wp-content\/uploads\/2025\/02\/web_Gotte_Chauvet2_Ardeche\u00a9Marina-Geray-5-1024x683.jpg\" class=\"attachment-large size-large wp-image-823\" alt=\"\" srcset=\"https:\/\/campingvieuxvallon.com\/wp-content\/uploads\/2025\/02\/web_Gotte_Chauvet2_Ardeche\u00a9Marina-Geray-5-1024x683.jpg 1024w, https:\/\/campingvieuxvallon.com\/wp-content\/uploads\/2025\/02\/web_Gotte_Chauvet2_Ardeche\u00a9Marina-Geray-5-300x200.jpg 300w, https:\/\/campingvieuxvallon.com\/wp-content\/uploads\/2025\/02\/web_Gotte_Chauvet2_Ardeche\u00a9Marina-Geray-5-768x512.jpg 768w, https:\/\/campingvieuxvallon.com\/wp-content\/uploads\/2025\/02\/web_Gotte_Chauvet2_Ardeche\u00a9Marina-Geray-5-1536x1024.jpg 1536w, https:\/\/campingvieuxvallon.com\/wp-content\/uploads\/2025\/02\/web_Gotte_Chauvet2_Ardeche\u00a9Marina-Geray-5.jpg 1920w\" sizes=\"(max-width: 800px) 100vw, 800px\" title=\"Gotte_Chauvet2_Ard\u00e8che\u00a9Marina Geray (5) - Ard\u00e8che Camping Vallon Pont d&#039;Arc\" \/>\t\t\t\t\t\t\t\t\t\t\t\t\t\t\t<\/div>\n\t\t\t\t<\/div>\n\t\t\t\t<\/div>\n\t\t<div class=\"elementor-element elementor-element-6c57288 e-con-full e-flex e-con e-child\" data-id=\"6c57288\" data-element_type=\"container\" data-e-type=\"container\">\n\t\t\t\t<div class=\"elementor-element elementor-element-a85d22b elementor-widget elementor-widget-heading\" data-id=\"a85d22b\" data-element_type=\"widget\" data-e-type=\"widget\" data-widget_type=\"heading.default\">\n\t\t\t\t<div class=\"elementor-widget-container\">\n\t\t\t\t\t<h2 class=\"elementor-heading-title elementor-size-default\">Die Chauvet-H\u00f6hle<\/h2>\t\t\t\t<\/div>\n\t\t\t\t<\/div>\n\t\t\t\t<div class=\"elementor-element elementor-element-8f65e3d elementor-widget elementor-widget-text-editor\" data-id=\"8f65e3d\" data-element_type=\"widget\" data-e-type=\"widget\" data-widget_type=\"text-editor.default\">\n\t\t\t\t<div class=\"elementor-widget-container\">\n\t\t\t\t\t\t\t\t\t<p>Das Betreten der Grotte Chauvet 2, einer Kopie der Grotte Chauvet, ist wie eine Reise 36.000 Jahre zur\u00fcck zu den Urspr\u00fcngen der Kunst, um die M\u00e4nner und Frauen der Chauvet-H\u00f6hle zu treffen, einem Juwel der Menschheit, das zum UNESCO-Weltkulturerbe geh\u00f6rt. Eine Reise durch die Zeit, ein magisches Erlebnis\u2026 <\/p>\t\t\t\t\t\t\t\t<\/div>\n\t\t\t\t<\/div>\n\t\t\t\t<\/div>\n\t\t\t\t\t<\/div>\n\t\t\t\t<\/div>\n\t\t<div class=\"elementor-element elementor-element-a4a7c0c e-flex e-con-boxed e-con e-parent\" data-id=\"a4a7c0c\" data-element_type=\"container\" data-e-type=\"container\" data-settings=\"{&quot;background_background&quot;:&quot;classic&quot;}\">\n\t\t\t\t\t<div class=\"e-con-inner\">\n\t\t<div class=\"elementor-element elementor-element-b5f7c95 e-con-full e-flex e-con e-child\" data-id=\"b5f7c95\" data-element_type=\"container\" data-e-type=\"container\">\n\t\t<div class=\"elementor-element elementor-element-4bef969 e-con-full e-flex e-con e-child\" data-id=\"4bef969\" data-element_type=\"container\" data-e-type=\"container\">\n\t\t\t\t<div class=\"elementor-element elementor-element-84977bb elementor-widget elementor-widget-heading\" data-id=\"84977bb\" data-element_type=\"widget\" data-e-type=\"widget\" data-widget_type=\"heading.default\">\n\t\t\t\t<div class=\"elementor-widget-container\">\n\t\t\t\t\t<h2 class=\"elementor-heading-title elementor-size-default\">Kanu-\/Kajakfahren in den Schluchten<\/h2>\t\t\t\t<\/div>\n\t\t\t\t<\/div>\n\t\t\t\t<\/div>\n\t\t<div class=\"elementor-element elementor-element-1adda5f e-con-full e-flex e-con e-child\" data-id=\"1adda5f\" data-element_type=\"container\" data-e-type=\"container\">\n\t\t<div class=\"elementor-element elementor-element-14dacef e-con-full e-flex e-con e-child\" data-id=\"14dacef\" data-element_type=\"container\" data-e-type=\"container\">\n\t\t\t\t<div class=\"elementor-element elementor-element-25dd2c5 elementor-widget elementor-widget-text-editor\" data-id=\"25dd2c5\" data-element_type=\"widget\" data-e-type=\"widget\" data-widget_type=\"text-editor.default\">\n\t\t\t\t<div class=\"elementor-widget-container\">\n\t\t\t\t\t\t\t\t\t<p>Ein Aufenthalt in Pont d\u2019Arc \u2013 Ard\u00e8che ohne eine Kanufahrt ist einfach unvorstellbar! Und wenn Sie nur einmal in Ihrem Leben Kanu fahren, dann hier, in den Gorges de l\u2019Ard\u00e8che.<\/p><p>Stellen Sie sich vor \u2026 einen wilden und tiefen Canyon, 30 km lang. Steile, schwindelerregende Klippen. Der Fluss, der in den Sonnenstrahlen glitzert. Die W\u00e4rme auf Ihrer Haut. Die Ger\u00fcche des Buschlandes. Der schnelle Flug der Wasseramsel, das blaue Blitzen des Eisvogels, das Kreisen des Habichtsadlers. Ruhe, Gelassenheit. Nur das Ger\u00e4usch Ihrer Paddel, die \u00fcber das Wasser gleiten, das Pl\u00e4tschern des Flusses gegen Ihr Kanu und das Rauschen der Zikaden. Einzigartige Emotionen, ein echtes S\u00e4ttigungsgef\u00fchl.<\/p>\t\t\t\t\t\t\t\t<\/div>\n\t\t\t\t<\/div>\n\t\t\t\t<\/div>\n\t\t<div class=\"elementor-element elementor-element-b97b8e6 e-con-full e-flex e-con e-child\" data-id=\"b97b8e6\" data-element_type=\"container\" data-e-type=\"container\" data-settings=\"{&quot;background_background&quot;:&quot;classic&quot;}\">\n\t\t\t\t<div class=\"elementor-element elementor-element-cf87cec elementor-view-default elementor-position-block-start elementor-mobile-position-block-start elementor-widget elementor-widget-icon-box\" data-id=\"cf87cec\" data-element_type=\"widget\" data-e-type=\"widget\" data-widget_type=\"icon-box.default\">\n\t\t\t\t<div class=\"elementor-widget-container\">\n\t\t\t\t\t\t\t<div class=\"elementor-icon-box-wrapper\">\n\n\t\t\t\t\t\t<div class=\"elementor-icon-box-icon\">\n\t\t\t\t<span  class=\"elementor-icon\">\n\t\t\t\t<svg aria-hidden=\"true\" class=\"e-font-icon-svg e-far-file-pdf\" viewBox=\"0 0 384 512\" xmlns=\"http:\/\/www.w3.org\/2000\/svg\"><path d=\"M369.9 97.9L286 14C277 5 264.8-.1 252.1-.1H48C21.5 0 0 21.5 0 48v416c0 26.5 21.5 48 48 48h288c26.5 0 48-21.5 48-48V131.9c0-12.7-5.1-25-14.1-34zM332.1 128H256V51.9l76.1 76.1zM48 464V48h160v104c0 13.3 10.7 24 24 24h104v288H48zm250.2-143.7c-12.2-12-47-8.7-64.4-6.5-17.2-10.5-28.7-25-36.8-46.3 3.9-16.1 10.1-40.6 5.4-56-4.2-26.2-37.8-23.6-42.6-5.9-4.4 16.1-.4 38.5 7 67.1-10 23.9-24.9 56-35.4 74.4-20 10.3-47 26.2-51 46.2-3.3 15.8 26 55.2 76.1-31.2 22.4-7.4 46.8-16.5 68.4-20.1 18.9 10.2 41 17 55.8 17 25.5 0 28-28.2 17.5-38.7zm-198.1 77.8c5.1-13.7 24.5-29.5 30.4-35-19 30.3-30.4 35.7-30.4 35zm81.6-190.6c7.4 0 6.7 32.1 1.8 40.8-4.4-13.9-4.3-40.8-1.8-40.8zm-24.4 136.6c9.7-16.9 18-37 24.7-54.7 8.3 15.1 18.9 27.2 30.1 35.5-20.8 4.3-38.9 13.1-54.8 19.2zm131.6-5s-5 6-37.3-7.8c35.1-2.6 40.9 5.4 37.3 7.8z\"><\/path><\/svg>\t\t\t\t<\/span>\n\t\t\t<\/div>\n\t\t\t\n\t\t\t\t\t\t<div class=\"elementor-icon-box-content\">\n\n\t\t\t\t\t\t\t\t\t<h3 class=\"elementor-icon-box-title\">\n\t\t\t\t\t\t<span  >\n\t\t\t\t\t\t\tVorzugspreise\t\t\t\t\t\t<\/span>\n\t\t\t\t\t<\/h3>\n\t\t\t\t\n\t\t\t\t\n\t\t\t<\/div>\n\t\t\t\n\t\t<\/div>\n\t\t\t\t\t\t<\/div>\n\t\t\t\t<\/div>\n\t\t\t\t<\/div>\n\t\t\t\t<\/div>\n\t\t\t\t<\/div>\n\t\t\t\t\t<\/div>\n\t\t\t\t<\/div>\n\t\t<div class=\"elementor-element elementor-element-26d7d0c e-flex e-con-boxed e-con e-parent\" data-id=\"26d7d0c\" data-element_type=\"container\" data-e-type=\"container\">\n\t\t\t\t\t<div class=\"e-con-inner\">\n\t\t<div class=\"elementor-element elementor-element-194b98f e-con-full e-flex e-con e-child\" data-id=\"194b98f\" data-element_type=\"container\" data-e-type=\"container\">\n\t\t\t\t<div class=\"elementor-element elementor-element-818681a elementor-widget elementor-widget-heading\" data-id=\"818681a\" data-element_type=\"widget\" data-e-type=\"widget\" data-widget_type=\"heading.default\">\n\t\t\t\t<div class=\"elementor-widget-container\">\n\t\t\t\t\t<h2 class=\"elementor-heading-title elementor-size-default\">Der Aven d'Orgnac<\/h2>\t\t\t\t<\/div>\n\t\t\t\t<\/div>\n\t\t\t\t<div class=\"elementor-element elementor-element-7936af1 elementor-widget elementor-widget-text-editor\" data-id=\"7936af1\" data-element_type=\"widget\" data-e-type=\"widget\" data-widget_type=\"text-editor.default\">\n\t\t\t\t<div class=\"elementor-widget-container\">\n\t\t\t\t\t\t\t\t\t<p>Die Aven d\u2019Orgnac bietet ein Naturschauspiel, das Ihnen den Atem rauben wird! Diese als Grand Site de France klassifizierte H\u00f6hle \u00fcberrascht mit ihren gigantischen Volumina und der Sch\u00f6nheit ihrer unterirdischen Landschaften. Bei einer konstanten Temperatur von 12 Grad kann diese unterirdische Kathedrale das ganze Jahr \u00fcber entdeckt werden.<\/p>\t\t\t\t\t\t\t\t<\/div>\n\t\t\t\t<\/div>\n\t\t\t\t<\/div>\n\t\t<div class=\"elementor-element elementor-element-bfe90f2 e-con-full e-flex e-con e-child\" data-id=\"bfe90f2\" data-element_type=\"container\" data-e-type=\"container\">\n\t\t\t\t<div class=\"elementor-element elementor-element-94b51a4 elementor-widget elementor-widget-image\" data-id=\"94b51a4\" data-element_type=\"widget\" data-e-type=\"widget\" data-widget_type=\"image.default\">\n\t\t\t\t<div class=\"elementor-widget-container\">\n\t\t\t\t\t\t\t\t\t\t\t\t\t\t\t<img decoding=\"async\" width=\"800\" height=\"600\" src=\"https:\/\/campingvieuxvallon.com\/wp-content\/uploads\/2025\/02\/aven-1024x768.webp\" class=\"attachment-large size-large wp-image-847\" alt=\"\" srcset=\"https:\/\/campingvieuxvallon.com\/wp-content\/uploads\/2025\/02\/aven-1024x768.webp 1024w, https:\/\/campingvieuxvallon.com\/wp-content\/uploads\/2025\/02\/aven-300x225.webp 300w, https:\/\/campingvieuxvallon.com\/wp-content\/uploads\/2025\/02\/aven-768x576.webp 768w, https:\/\/campingvieuxvallon.com\/wp-content\/uploads\/2025\/02\/aven-1536x1152.webp 1536w, https:\/\/campingvieuxvallon.com\/wp-content\/uploads\/2025\/02\/aven.webp 1600w\" sizes=\"(max-width: 800px) 100vw, 800px\" title=\"aven - Ard\u00e8che Camping Vallon Pont d&#039;Arc\" \/>\t\t\t\t\t\t\t\t\t\t\t\t\t\t\t<\/div>\n\t\t\t\t<\/div>\n\t\t\t\t<\/div>\n\t\t\t\t\t<\/div>\n\t\t\t\t<\/div>\n\t\t<div class=\"elementor-element elementor-element-98749fc e-flex e-con-boxed e-con e-parent\" data-id=\"98749fc\" data-element_type=\"container\" data-e-type=\"container\" data-settings=\"{&quot;background_background&quot;:&quot;classic&quot;}\">\n\t\t\t\t\t<div class=\"e-con-inner\">\n\t\t<div class=\"elementor-element elementor-element-52606b2 e-con-full e-flex e-con e-child\" data-id=\"52606b2\" data-element_type=\"container\" data-e-type=\"container\">\n\t\t\t\t<div class=\"elementor-element elementor-element-044e103 elementor-widget elementor-widget-image\" data-id=\"044e103\" data-element_type=\"widget\" data-e-type=\"widget\" data-widget_type=\"image.default\">\n\t\t\t\t<div class=\"elementor-widget-container\">\n\t\t\t\t\t\t\t\t\t\t\t\t\t\t\t<img loading=\"lazy\" decoding=\"async\" width=\"800\" height=\"534\" src=\"https:\/\/campingvieuxvallon.com\/wp-content\/uploads\/2025\/02\/Balazuc-\u00a9Marina-Geray-web-1024x684.jpg\" class=\"attachment-large size-large wp-image-841\" alt=\"\" srcset=\"https:\/\/campingvieuxvallon.com\/wp-content\/uploads\/2025\/02\/Balazuc-\u00a9Marina-Geray-web-1024x684.jpg 1024w, https:\/\/campingvieuxvallon.com\/wp-content\/uploads\/2025\/02\/Balazuc-\u00a9Marina-Geray-web-300x200.jpg 300w, https:\/\/campingvieuxvallon.com\/wp-content\/uploads\/2025\/02\/Balazuc-\u00a9Marina-Geray-web-768x513.jpg 768w, https:\/\/campingvieuxvallon.com\/wp-content\/uploads\/2025\/02\/Balazuc-\u00a9Marina-Geray-web-1536x1026.jpg 1536w, https:\/\/campingvieuxvallon.com\/wp-content\/uploads\/2025\/02\/Balazuc-\u00a9Marina-Geray-web.jpg 1920w\" sizes=\"(max-width: 800px) 100vw, 800px\" title=\"Balazuc - Ard\u00e8che Camping Vallon Pont d&#039;Arc\" \/>\t\t\t\t\t\t\t\t\t\t\t\t\t\t\t<\/div>\n\t\t\t\t<\/div>\n\t\t\t\t<\/div>\n\t\t<div class=\"elementor-element elementor-element-7f301ff e-con-full e-flex e-con e-child\" data-id=\"7f301ff\" data-element_type=\"container\" data-e-type=\"container\">\n\t\t\t\t<div class=\"elementor-element elementor-element-949007c elementor-widget elementor-widget-heading\" data-id=\"949007c\" data-element_type=\"widget\" data-e-type=\"widget\" data-widget_type=\"heading.default\">\n\t\t\t\t<div class=\"elementor-widget-container\">\n\t\t\t\t\t<h2 class=\"elementor-heading-title elementor-size-default\">Balazuc, Labeaume, Vog\u00fc\u00e9\u200b<\/h2>\t\t\t\t<\/div>\n\t\t\t\t<\/div>\n\t\t\t\t<div class=\"elementor-element elementor-element-547ed12 elementor-widget elementor-widget-text-editor\" data-id=\"547ed12\" data-element_type=\"widget\" data-e-type=\"widget\" data-widget_type=\"text-editor.default\">\n\t\t\t\t<div class=\"elementor-widget-container\">\n\t\t\t\t\t\t\t\t\t<p>Die h\u00fcbschen, aneinandergereihten Steinh\u00e4user, der Charme der gepflasterten Stra\u00dfen und blumengeschm\u00fcckten Balkone, der Fluss, der Strand, die Gletscher, die Terrassen \u00fcber der Ard\u00e8che, die atemberaubende Aussicht &#8230; Wie k\u00f6nnte man sich nicht total in diese kleinen, denkmalgesch\u00fctzten D\u00f6rfer verlieben?<\/p>\t\t\t\t\t\t\t\t<\/div>\n\t\t\t\t<\/div>\n\t\t\t\t<\/div>\n\t\t\t\t\t<\/div>\n\t\t\t\t<\/div>\n\t\t\t\t<\/div>\n\t\t","protected":false},"excerpt":{"rendered":"<p>Ard\u00e8che ist eine der sch\u00f6nsten Regionen Frankreichs. Besuchen Sie ihn und verlassen Sie sich darauf, dass der 3-Sterne-Campingplatz Ard\u00e8che Le Vieux Vallon in Vallon Pont d\u2019Arc Sie begleitet! https:\/\/youtu.be\/I6jly6SNN38?si=iQeUkbAvWwKUgq9S Der Pont d&#8217;Arc Der Pont d\u2019Arc ist eine weltweit einzigartige geologische Kuriosit\u00e4t, ein grandioser nat\u00fcrlicher Bogen am Eingang zur Gorges de l\u2019Ard\u00e8che. Mit einer H\u00f6he von [&hellip;]<\/p>\n","protected":false},"author":1,"featured_media":0,"parent":0,"menu_order":0,"comment_status":"closed","ping_status":"closed","template":"elementor_header_footer","meta":{"footnotes":""},"class_list":["post-1055","page","type-page","status-publish","hentry"],"aioseo_notices":[],"_links":{"self":[{"href":"https:\/\/campingvieuxvallon.com\/de\/wp-json\/wp\/v2\/pages\/1055","targetHints":{"allow":["GET"]}}],"collection":[{"href":"https:\/\/campingvieuxvallon.com\/de\/wp-json\/wp\/v2\/pages"}],"about":[{"href":"https:\/\/campingvieuxvallon.com\/de\/wp-json\/wp\/v2\/types\/page"}],"author":[{"embeddable":true,"href":"https:\/\/campingvieuxvallon.com\/de\/wp-json\/wp\/v2\/users\/1"}],"replies":[{"embeddable":true,"href":"https:\/\/campingvieuxvallon.com\/de\/wp-json\/wp\/v2\/comments?post=1055"}],"version-history":[{"count":2,"href":"https:\/\/campingvieuxvallon.com\/de\/wp-json\/wp\/v2\/pages\/1055\/revisions"}],"predecessor-version":[{"id":1213,"href":"https:\/\/campingvieuxvallon.com\/de\/wp-json\/wp\/v2\/pages\/1055\/revisions\/1213"}],"wp:attachment":[{"href":"https:\/\/campingvieuxvallon.com\/de\/wp-json\/wp\/v2\/media?parent=1055"}],"curies":[{"name":"wp","href":"https:\/\/api.w.org\/{rel}","templated":true}]}}