{"id":1053,"date":"2025-02-22T18:25:15","date_gmt":"2025-02-22T18:25:15","guid":{"rendered":"https:\/\/campingvieuxvallon.com\/welkom\/"},"modified":"2025-02-24T16:21:43","modified_gmt":"2025-02-24T16:21:43","slug":"welkom","status":"publish","type":"page","link":"https:\/\/campingvieuxvallon.com\/nl\/","title":{"rendered":"Welkom"},"content":{"rendered":"\t\t<div data-elementor-type=\"wp-page\" data-elementor-id=\"1053\" class=\"elementor elementor-1053 elementor-892\" data-elementor-post-type=\"page\">\n\t\t\t\t<div class=\"elementor-element elementor-element-7f011d1 e-flex e-con-boxed e-con e-parent\" data-id=\"7f011d1\" data-element_type=\"container\" data-e-type=\"container\" data-settings=\"{&quot;background_background&quot;:&quot;classic&quot;}\">\n\t\t\t\t\t<div class=\"e-con-inner\">\n\t\t\t\t<div class=\"elementor-element elementor-element-dfe5b2a elementor-widget elementor-widget-heading\" data-id=\"dfe5b2a\" data-element_type=\"widget\" data-e-type=\"widget\" data-widget_type=\"heading.default\">\n\t\t\t\t<div class=\"elementor-widget-container\">\n\t\t\t\t\t<h2 class=\"elementor-heading-title elementor-size-default\">Familiecamping in Vallon Pont D'arc<\/h2>\t\t\t\t<\/div>\n\t\t\t\t<\/div>\n\t\t\t\t\t<\/div>\n\t\t\t\t<\/div>\n\t\t<div class=\"elementor-element elementor-element-cde8bc3 e-flex e-con-boxed e-con e-parent\" data-id=\"cde8bc3\" data-element_type=\"container\" data-e-type=\"container\">\n\t\t\t\t\t<div class=\"e-con-inner\">\n\t\t\t\t<div class=\"elementor-element elementor-element-a0836b9 elementor-widget elementor-widget-shortcode\" data-id=\"a0836b9\" data-element_type=\"widget\" data-e-type=\"widget\" data-widget_type=\"shortcode.default\">\n\t\t\t\t<div class=\"elementor-widget-container\">\n\t\t\t\t\t\t\t<div class=\"elementor-shortcode\"><ctv-search data-float=\"true\" data-modal-position=\"right\"><\/ctv-search>\n<ctv-searchbar><\/ctv-searchbar><\/div>\n\t\t\t\t\t\t<\/div>\n\t\t\t\t<\/div>\n\t\t\t\t\t<\/div>\n\t\t\t\t<\/div>\n\t\t<div class=\"elementor-element elementor-element-f57849e e-flex e-con-boxed e-con e-parent\" data-id=\"f57849e\" data-element_type=\"container\" data-e-type=\"container\" data-settings=\"{&quot;background_background&quot;:&quot;classic&quot;}\">\n\t\t\t\t\t<div class=\"e-con-inner\">\n\t\t<div class=\"elementor-element elementor-element-1867ee9 e-con-full e-flex e-con e-child\" data-id=\"1867ee9\" data-element_type=\"container\" data-e-type=\"container\">\n\t\t\t\t<div class=\"elementor-element elementor-element-92ea01c elementor-widget elementor-widget-image\" data-id=\"92ea01c\" data-element_type=\"widget\" data-e-type=\"widget\" data-widget_type=\"image.default\">\n\t\t\t\t<div class=\"elementor-widget-container\">\n\t\t\t\t\t\t\t\t\t\t\t\t\t\t\t<img fetchpriority=\"high\" decoding=\"async\" width=\"800\" height=\"568\" src=\"https:\/\/campingvieuxvallon.com\/wp-content\/uploads\/2025\/02\/Pont-dArc-1024x727.jpg\" class=\"attachment-large size-large wp-image-800\" alt=\"\" srcset=\"https:\/\/campingvieuxvallon.com\/wp-content\/uploads\/2025\/02\/Pont-dArc-1024x727.jpg 1024w, https:\/\/campingvieuxvallon.com\/wp-content\/uploads\/2025\/02\/Pont-dArc-300x213.jpg 300w, https:\/\/campingvieuxvallon.com\/wp-content\/uploads\/2025\/02\/Pont-dArc-768x545.jpg 768w, https:\/\/campingvieuxvallon.com\/wp-content\/uploads\/2025\/02\/Pont-dArc.jpg 1082w\" sizes=\"(max-width: 800px) 100vw, 800px\" title=\"Pont d&#039;Arc - Ard\u00e8che Camping Vallon Pont d&#039;Arc\" \/>\t\t\t\t\t\t\t\t\t\t\t\t\t\t\t<\/div>\n\t\t\t\t<\/div>\n\t\t\t\t<\/div>\n\t\t<div class=\"elementor-element elementor-element-66406b1 e-con-full e-flex e-con e-child\" data-id=\"66406b1\" data-element_type=\"container\" data-e-type=\"container\">\n\t\t\t\t<div class=\"elementor-element elementor-element-f0ee8a4 elementor-widget elementor-widget-heading\" data-id=\"f0ee8a4\" data-element_type=\"widget\" data-e-type=\"widget\" data-widget_type=\"heading.default\">\n\t\t\t\t<div class=\"elementor-widget-container\">\n\t\t\t\t\t<h2 class=\"elementor-heading-title elementor-size-default\">Een atypische situatie<\/h2>\t\t\t\t<\/div>\n\t\t\t\t<\/div>\n\t\t\t\t<div class=\"elementor-element elementor-element-c8df4a7 elementor-widget elementor-widget-text-editor\" data-id=\"c8df4a7\" data-element_type=\"widget\" data-e-type=\"widget\" data-widget_type=\"text-editor.default\">\n\t\t\t\t<div class=\"elementor-widget-container\">\n\t\t\t\t\t\t\t\t\t<p>Gelegen op een oude heuvel in het hart van de Ard\u00e8che, vlakbij de Pont d&#8217;Arc, heeft de 3-sterren camping met zwembad van de Vieux Vallon een bijzonder interessante geografische ligging, met een prachtig uitzicht op de ingang van de Gorges de l&#8217;Ard\u00e8che. Het pand is gerangschikt in &#8220;Fa\u00ffsses&#8221; en heeft een perceel dat is verdeeld in verschillende verdiepingen, wat een bepaald perspectief en privacy biedt tussen elke staanplaats. Onze camping in Vallon Pont d&#8217;Arc is DE camping in de Ard\u00e8che bij uitstek!  <\/p>\t\t\t\t\t\t\t\t<\/div>\n\t\t\t\t<\/div>\n\t\t\t\t<\/div>\n\t\t\t\t\t<\/div>\n\t\t\t\t<\/div>\n\t\t<div class=\"elementor-element elementor-element-63ca1f3 e-flex e-con-boxed e-con e-parent\" data-id=\"63ca1f3\" data-element_type=\"container\" data-e-type=\"container\">\n\t\t\t\t\t<div class=\"e-con-inner\">\n\t\t<div class=\"elementor-element elementor-element-202a530 e-con-full e-flex e-con e-child\" data-id=\"202a530\" data-element_type=\"container\" data-e-type=\"container\">\n\t\t\t\t<div class=\"elementor-element elementor-element-d903ea4 elementor-widget elementor-widget-image\" data-id=\"d903ea4\" data-element_type=\"widget\" data-e-type=\"widget\" data-widget_type=\"image.default\">\n\t\t\t\t<div class=\"elementor-widget-container\">\n\t\t\t\t\t\t\t\t\t\t\t\t\t\t\t<img decoding=\"async\" width=\"768\" height=\"1024\" src=\"https:\/\/campingvieuxvallon.com\/wp-content\/uploads\/2025\/02\/IMG_20190622_131539-768x1024.webp\" class=\"attachment-large size-large wp-image-737\" alt=\"\" srcset=\"https:\/\/campingvieuxvallon.com\/wp-content\/uploads\/2025\/02\/IMG_20190622_131539-768x1024.webp 768w, https:\/\/campingvieuxvallon.com\/wp-content\/uploads\/2025\/02\/IMG_20190622_131539-225x300.webp 225w, https:\/\/campingvieuxvallon.com\/wp-content\/uploads\/2025\/02\/IMG_20190622_131539-1152x1536.webp 1152w, https:\/\/campingvieuxvallon.com\/wp-content\/uploads\/2025\/02\/IMG_20190622_131539-scaled.webp 1440w\" sizes=\"(max-width: 768px) 100vw, 768px\" title=\"sdr_vivid - Ard\u00e8che Camping Vallon Pont d&#039;Arc\" \/>\t\t\t\t\t\t\t\t\t\t\t\t\t\t\t<\/div>\n\t\t\t\t<\/div>\n\t\t\t\t<\/div>\n\t\t<div class=\"elementor-element elementor-element-0330b7a e-con-full e-flex e-con e-child\" data-id=\"0330b7a\" data-element_type=\"container\" data-e-type=\"container\">\n\t\t\t\t<div class=\"elementor-element elementor-element-4551eff elementor-widget elementor-widget-heading\" data-id=\"4551eff\" data-element_type=\"widget\" data-e-type=\"widget\" data-widget_type=\"heading.default\">\n\t\t\t\t<div class=\"elementor-widget-container\">\n\t\t\t\t\t<h2 class=\"elementor-heading-title elementor-size-default\">Een camping als geen ander<\/h2>\t\t\t\t<\/div>\n\t\t\t\t<\/div>\n\t\t\t\t<div class=\"elementor-element elementor-element-50613a8 elementor-widget elementor-widget-text-editor\" data-id=\"50613a8\" data-element_type=\"widget\" data-e-type=\"widget\" data-widget_type=\"text-editor.default\">\n\t\t\t\t<div class=\"elementor-widget-container\">\n\t\t\t\t\t\t\t\t\t<p>Met 40 staanplaatsen heeft de camping Vieux Vallon 21 huuraccommodaties en 19 maagdelijke plaatsen voor vakantiegangers in campers, tenten of caravans. Een klein, rustig en door een familie gerund etablissement aan de rand van een eikenbos, dat een groene ruimte bij uitstek biedt aan vakantiegangers en voor iedereen die op zoek is naar wandelingen. Onze camping met zwembad biedt ook accommodatie die de antithese is van klassieke stacaravans: er zijn namelijk verschillende accommodaties zoals lodgehutten, gemaakt van hout, waarin al het nodige comfort is ge\u00efnstalleerd, chalets, twee avonturententen, met echte bedden en ge\u00efsoleerde Ard\u00e8che-hutten, typisch voor de regio Vallon Pont d&#8217;Arc.  <\/p>\t\t\t\t\t\t\t\t<\/div>\n\t\t\t\t<\/div>\n\t\t\t\t<\/div>\n\t\t\t\t\t<\/div>\n\t\t\t\t<\/div>\n\t\t<div class=\"elementor-element elementor-element-529d568 e-flex e-con-boxed e-con e-parent\" data-id=\"529d568\" data-element_type=\"container\" data-e-type=\"container\" data-settings=\"{&quot;background_background&quot;:&quot;classic&quot;}\">\n\t\t\t\t\t<div class=\"e-con-inner\">\n\t\t<div class=\"elementor-element elementor-element-f28e624 e-con-full e-flex e-con e-child\" data-id=\"f28e624\" data-element_type=\"container\" data-e-type=\"container\">\n\t\t\t\t<div class=\"elementor-element elementor-element-59a4177 elementor-widget elementor-widget-image\" data-id=\"59a4177\" data-element_type=\"widget\" data-e-type=\"widget\" data-widget_type=\"image.default\">\n\t\t\t\t<div class=\"elementor-widget-container\">\n\t\t\t\t\t\t\t\t\t\t\t\t\t\t\t<img decoding=\"async\" width=\"800\" height=\"534\" src=\"https:\/\/campingvieuxvallon.com\/wp-content\/uploads\/2025\/02\/web_Gorges_ArdA\u00a8che-A\u00a9-Marina-Geray-1024x683.webp\" class=\"attachment-large size-large wp-image-740\" alt=\"\" srcset=\"https:\/\/campingvieuxvallon.com\/wp-content\/uploads\/2025\/02\/web_Gorges_ArdA\u00a8che-A\u00a9-Marina-Geray-1024x683.webp 1024w, https:\/\/campingvieuxvallon.com\/wp-content\/uploads\/2025\/02\/web_Gorges_ArdA\u00a8che-A\u00a9-Marina-Geray-300x200.webp 300w, https:\/\/campingvieuxvallon.com\/wp-content\/uploads\/2025\/02\/web_Gorges_ArdA\u00a8che-A\u00a9-Marina-Geray-768x512.webp 768w, https:\/\/campingvieuxvallon.com\/wp-content\/uploads\/2025\/02\/web_Gorges_ArdA\u00a8che-A\u00a9-Marina-Geray-1536x1024.webp 1536w, https:\/\/campingvieuxvallon.com\/wp-content\/uploads\/2025\/02\/web_Gorges_ArdA\u00a8che-A\u00a9-Marina-Geray.webp 1620w\" sizes=\"(max-width: 800px) 100vw, 800px\" title=\"web_Gorges_Ard\u00c3\u00a8che \u00c2\u00a9 Marina Geray - Ard\u00e8che Camping Vallon Pont d&#039;Arc\" \/>\t\t\t\t\t\t\t\t\t\t\t\t\t\t\t<\/div>\n\t\t\t\t<\/div>\n\t\t\t\t<\/div>\n\t\t<div class=\"elementor-element elementor-element-d75fbe5 e-con-full e-flex e-con e-child\" data-id=\"d75fbe5\" data-element_type=\"container\" data-e-type=\"container\">\n\t\t\t\t<div class=\"elementor-element elementor-element-bddda8d elementor-widget elementor-widget-heading\" data-id=\"bddda8d\" data-element_type=\"widget\" data-e-type=\"widget\" data-widget_type=\"heading.default\">\n\t\t\t\t<div class=\"elementor-widget-container\">\n\t\t\t\t\t<h2 class=\"elementor-heading-title elementor-size-default\">De regio Vallon Pont d'Arc, rijk aan activiteiten<\/h2>\t\t\t\t<\/div>\n\t\t\t\t<\/div>\n\t\t\t\t<div class=\"elementor-element elementor-element-1b96540 elementor-widget elementor-widget-text-editor\" data-id=\"1b96540\" data-element_type=\"widget\" data-e-type=\"widget\" data-widget_type=\"text-editor.default\">\n\t\t\t\t<div class=\"elementor-widget-container\">\n\t\t\t\t\t\t\t\t\t<p>De Ard\u00e8che is zeker de meest aantrekkelijke regio van Frankrijk voor liefhebbers van buitensporten. Er zijn veel activiteiten in de buurt van onze 3-sterren camping in Vallon Pont-d&#8217;Arc, zoals wildwaterkano\u00ebn, canyoning, klimmen, wandelen, raften en speleologie. Het gebied heeft ook een rijk historisch erfgoed, zoals de vele grotten die bezocht kunnen worden. De reconstructie van de grot van Chauvet is een must om te bezoeken. Na een drukke dag gaat er niets boven het genieten van de gastronomische specialiteiten van de Ard\u00e8che, zoals de recepten op basis van kastanjes, de charcuterie of de gebakjes op basis van bosbessen. Een traktatie.     <\/p>\t\t\t\t\t\t\t\t<\/div>\n\t\t\t\t<\/div>\n\t\t\t\t<\/div>\n\t\t\t\t\t<\/div>\n\t\t\t\t<\/div>\n\t\t<div class=\"elementor-element elementor-element-dd48e4c e-flex e-con-boxed e-con e-parent\" data-id=\"dd48e4c\" data-element_type=\"container\" data-e-type=\"container\">\n\t\t\t\t\t<div class=\"e-con-inner\">\n\t\t\t\t\t<\/div>\n\t\t\t\t<\/div>\n\t\t<div class=\"elementor-element elementor-element-8fc30d9 e-flex e-con-boxed e-con e-parent\" data-id=\"8fc30d9\" data-element_type=\"container\" data-e-type=\"container\" data-settings=\"{&quot;background_background&quot;:&quot;classic&quot;}\">\n\t\t\t\t\t<div class=\"e-con-inner\">\n\t\t<div class=\"elementor-element elementor-element-ea4e7c7 e-con-full e-flex e-con e-child\" data-id=\"ea4e7c7\" data-element_type=\"container\" data-e-type=\"container\">\n\t\t<div class=\"elementor-element elementor-element-f443776 e-con-full e-flex e-con e-child\" data-id=\"f443776\" data-element_type=\"container\" data-e-type=\"container\">\n\t\t\t\t<div class=\"elementor-element elementor-element-8d88f66 elementor-widget elementor-widget-image\" data-id=\"8d88f66\" data-element_type=\"widget\" data-e-type=\"widget\" data-widget_type=\"image.default\">\n\t\t\t\t<div class=\"elementor-widget-container\">\n\t\t\t\t\t\t\t\t\t\t\t\t\t\t\t<img loading=\"lazy\" decoding=\"async\" width=\"300\" height=\"200\" src=\"https:\/\/campingvieuxvallon.com\/wp-content\/uploads\/2025\/02\/w-ST-PD1A7894-\u00a9Steph-Tripot-300x200.webp\" class=\"attachment-medium size-medium wp-image-749\" alt=\"\" srcset=\"https:\/\/campingvieuxvallon.com\/wp-content\/uploads\/2025\/02\/w-ST-PD1A7894-\u00a9Steph-Tripot-300x200.webp 300w, https:\/\/campingvieuxvallon.com\/wp-content\/uploads\/2025\/02\/w-ST-PD1A7894-\u00a9Steph-Tripot-1024x683.webp 1024w, https:\/\/campingvieuxvallon.com\/wp-content\/uploads\/2025\/02\/w-ST-PD1A7894-\u00a9Steph-Tripot-768x512.webp 768w, https:\/\/campingvieuxvallon.com\/wp-content\/uploads\/2025\/02\/w-ST-PD1A7894-\u00a9Steph-Tripot-1536x1024.webp 1536w, https:\/\/campingvieuxvallon.com\/wp-content\/uploads\/2025\/02\/w-ST-PD1A7894-\u00a9Steph-Tripot.webp 1900w\" sizes=\"(max-width: 300px) 100vw, 300px\" title=\"w-ST-PD1A7894-\u00a9Steph Tripot - Ard\u00e8che Camping Vallon Pont d&#039;Arc\" \/>\t\t\t\t\t\t\t\t\t\t\t\t\t\t\t<\/div>\n\t\t\t\t<\/div>\n\t\t\t\t<\/div>\n\t\t<div class=\"elementor-element elementor-element-afba9bb e-con-full e-flex e-con e-child\" data-id=\"afba9bb\" data-element_type=\"container\" data-e-type=\"container\">\n\t\t\t\t<div class=\"elementor-element elementor-element-04dc29d elementor-widget elementor-widget-heading\" data-id=\"04dc29d\" data-element_type=\"widget\" data-e-type=\"widget\" data-widget_type=\"heading.default\">\n\t\t\t\t<div class=\"elementor-widget-container\">\n\t\t\t\t\t<h2 class=\"elementor-heading-title elementor-size-default\">ZWEMBAD<\/h2>\t\t\t\t<\/div>\n\t\t\t\t<\/div>\n\t\t\t\t<\/div>\n\t\t\t\t<div class=\"elementor-element elementor-element-525ef97 elementor-widget elementor-widget-text-editor\" data-id=\"525ef97\" data-element_type=\"widget\" data-e-type=\"widget\" data-widget_type=\"text-editor.default\">\n\t\t\t\t<div class=\"elementor-widget-container\">\n\t\t\t\t\t\t\t\t\t<p>Omgeven door groen en badend in de zon, biedt ons zwembad u een idyllische omgeving om met volle teugen van uw vakantie te genieten. Laat u wiegen door het zachte kabbelen van het water en geniet van momenten van pure ontspanning op onze comfortabele ligstoelen. <\/p>\t\t\t\t\t\t\t\t<\/div>\n\t\t\t\t<\/div>\n\t\t\t\t<\/div>\n\t\t<div class=\"elementor-element elementor-element-0a69f60 e-con-full e-flex e-con e-child\" data-id=\"0a69f60\" data-element_type=\"container\" data-e-type=\"container\">\n\t\t<div class=\"elementor-element elementor-element-e1bbd21 e-con-full e-flex e-con e-child\" data-id=\"e1bbd21\" data-element_type=\"container\" data-e-type=\"container\">\n\t\t\t\t<div class=\"elementor-element elementor-element-4120021 elementor-widget elementor-widget-image\" data-id=\"4120021\" data-element_type=\"widget\" data-e-type=\"widget\" data-widget_type=\"image.default\">\n\t\t\t\t<div class=\"elementor-widget-container\">\n\t\t\t\t\t\t\t\t\t\t\t\t\t\t\t<img loading=\"lazy\" decoding=\"async\" width=\"300\" height=\"200\" src=\"https:\/\/campingvieuxvallon.com\/wp-content\/uploads\/2025\/02\/c_snack-300x200.jpg\" class=\"attachment-medium size-medium wp-image-917\" alt=\"\" srcset=\"https:\/\/campingvieuxvallon.com\/wp-content\/uploads\/2025\/02\/c_snack-300x200.jpg 300w, https:\/\/campingvieuxvallon.com\/wp-content\/uploads\/2025\/02\/c_snack-1024x683.jpg 1024w, https:\/\/campingvieuxvallon.com\/wp-content\/uploads\/2025\/02\/c_snack-768x512.jpg 768w, https:\/\/campingvieuxvallon.com\/wp-content\/uploads\/2025\/02\/c_snack-1536x1024.jpg 1536w, https:\/\/campingvieuxvallon.com\/wp-content\/uploads\/2025\/02\/c_snack.jpg 1920w\" sizes=\"(max-width: 300px) 100vw, 300px\" title=\"c_snack - Ard\u00e8che Camping Vallon Pont d&#039;Arc\" \/>\t\t\t\t\t\t\t\t\t\t\t\t\t\t\t<\/div>\n\t\t\t\t<\/div>\n\t\t\t\t<\/div>\n\t\t<div class=\"elementor-element elementor-element-99eff4a e-con-full e-flex e-con e-child\" data-id=\"99eff4a\" data-element_type=\"container\" data-e-type=\"container\">\n\t\t\t\t<div class=\"elementor-element elementor-element-72f39fa elementor-widget elementor-widget-heading\" data-id=\"72f39fa\" data-element_type=\"widget\" data-e-type=\"widget\" data-widget_type=\"heading.default\">\n\t\t\t\t<div class=\"elementor-widget-container\">\n\t\t\t\t\t<h2 class=\"elementor-heading-title elementor-size-default\">SNACK\/BAR<\/h2>\t\t\t\t<\/div>\n\t\t\t\t<\/div>\n\t\t\t\t<div class=\"elementor-element elementor-element-1a565cf elementor-widget elementor-widget-text-editor\" data-id=\"1a565cf\" data-element_type=\"widget\" data-e-type=\"widget\" data-widget_type=\"text-editor.default\">\n\t\t\t\t<div class=\"elementor-widget-container\">\n\t\t\t\t\t\t\t\t\t<p>Val voor onze salades en onze schotels uit de Ard\u00e8che, bereid met lokale producten, perfect om af te koelen op warme zomerdagen.<\/p>\t\t\t\t\t\t\t\t<\/div>\n\t\t\t\t<\/div>\n\t\t\t\t<\/div>\n\t\t\t\t<\/div>\n\t\t<div class=\"elementor-element elementor-element-a161186 e-con-full e-flex e-con e-child\" data-id=\"a161186\" data-element_type=\"container\" data-e-type=\"container\">\n\t\t<div class=\"elementor-element elementor-element-e1affd2 e-con-full e-flex e-con e-child\" data-id=\"e1affd2\" data-element_type=\"container\" data-e-type=\"container\">\n\t\t\t\t<div class=\"elementor-element elementor-element-dfa4942 elementor-widget elementor-widget-image\" data-id=\"dfa4942\" data-element_type=\"widget\" data-e-type=\"widget\" data-widget_type=\"image.default\">\n\t\t\t\t<div class=\"elementor-widget-container\">\n\t\t\t\t\t\t\t\t\t\t\t\t\t\t\t<img loading=\"lazy\" decoding=\"async\" width=\"300\" height=\"199\" src=\"https:\/\/campingvieuxvallon.com\/wp-content\/uploads\/2025\/02\/DSC_1101-300x199.webp\" class=\"attachment-medium size-medium wp-image-743\" alt=\"\" srcset=\"https:\/\/campingvieuxvallon.com\/wp-content\/uploads\/2025\/02\/DSC_1101-300x199.webp 300w, https:\/\/campingvieuxvallon.com\/wp-content\/uploads\/2025\/02\/DSC_1101-1024x678.webp 1024w, https:\/\/campingvieuxvallon.com\/wp-content\/uploads\/2025\/02\/DSC_1101-768x509.webp 768w, https:\/\/campingvieuxvallon.com\/wp-content\/uploads\/2025\/02\/DSC_1101-1536x1017.webp 1536w, https:\/\/campingvieuxvallon.com\/wp-content\/uploads\/2025\/02\/DSC_1101-scaled.webp 1920w\" sizes=\"(max-width: 300px) 100vw, 300px\" title=\"DSC_1101 - Ard\u00e8che Camping Vallon Pont d&#039;Arc\" \/>\t\t\t\t\t\t\t\t\t\t\t\t\t\t\t<\/div>\n\t\t\t\t<\/div>\n\t\t\t\t<\/div>\n\t\t<div class=\"elementor-element elementor-element-20dc43e e-con-full e-flex e-con e-child\" data-id=\"20dc43e\" data-element_type=\"container\" data-e-type=\"container\">\n\t\t\t\t<div class=\"elementor-element elementor-element-76d5b2b elementor-widget elementor-widget-heading\" data-id=\"76d5b2b\" data-element_type=\"widget\" data-e-type=\"widget\" data-widget_type=\"heading.default\">\n\t\t\t\t<div class=\"elementor-widget-container\">\n\t\t\t\t\t<h2 class=\"elementor-heading-title elementor-size-default\">Barbecue<\/h2>\t\t\t\t<\/div>\n\t\t\t\t<\/div>\n\t\t\t\t<div class=\"elementor-element elementor-element-5d2be7e elementor-widget elementor-widget-text-editor\" data-id=\"5d2be7e\" data-element_type=\"widget\" data-e-type=\"widget\" data-widget_type=\"text-editor.default\">\n\t\t\t\t<div class=\"elementor-widget-container\">\n\t\t\t\t\t\t\t\t\t<p>Het is vriendelijk van opzet en het is de plek van de camping waar iedereen elkaar graag ontmoet om uit te wisselen voor de kloven van de Ard\u00e8che.<\/p>\t\t\t\t\t\t\t\t<\/div>\n\t\t\t\t<\/div>\n\t\t\t\t<\/div>\n\t\t\t\t<\/div>\n\t\t\t\t\t<\/div>\n\t\t\t\t<\/div>\n\t\t\t\t<\/div>\n\t\t","protected":false},"excerpt":{"rendered":"<p>Familiecamping in Vallon Pont D&#8217;arc Een atypische situatie Gelegen op een oude heuvel in het hart van de Ard\u00e8che, vlakbij de Pont d&#8217;Arc, heeft de 3-sterren camping met zwembad van de Vieux Vallon een bijzonder interessante geografische ligging, met een prachtig uitzicht op de ingang van de Gorges de l&#8217;Ard\u00e8che. Het pand is gerangschikt in [&hellip;]<\/p>\n","protected":false},"author":1,"featured_media":0,"parent":0,"menu_order":0,"comment_status":"closed","ping_status":"closed","template":"elementor_header_footer","meta":{"footnotes":""},"class_list":["post-1053","page","type-page","status-publish","hentry"],"aioseo_notices":[],"_links":{"self":[{"href":"https:\/\/campingvieuxvallon.com\/nl\/wp-json\/wp\/v2\/pages\/1053","targetHints":{"allow":["GET"]}}],"collection":[{"href":"https:\/\/campingvieuxvallon.com\/nl\/wp-json\/wp\/v2\/pages"}],"about":[{"href":"https:\/\/campingvieuxvallon.com\/nl\/wp-json\/wp\/v2\/types\/page"}],"author":[{"embeddable":true,"href":"https:\/\/campingvieuxvallon.com\/nl\/wp-json\/wp\/v2\/users\/1"}],"replies":[{"embeddable":true,"href":"https:\/\/campingvieuxvallon.com\/nl\/wp-json\/wp\/v2\/comments?post=1053"}],"version-history":[{"count":1,"href":"https:\/\/campingvieuxvallon.com\/nl\/wp-json\/wp\/v2\/pages\/1053\/revisions"}],"predecessor-version":[{"id":1054,"href":"https:\/\/campingvieuxvallon.com\/nl\/wp-json\/wp\/v2\/pages\/1053\/revisions\/1054"}],"wp:attachment":[{"href":"https:\/\/campingvieuxvallon.com\/nl\/wp-json\/wp\/v2\/media?parent=1053"}],"curies":[{"name":"wp","href":"https:\/\/api.w.org\/{rel}","templated":true}]}}